{"id":1724,"date":"2021-06-21T14:12:36","date_gmt":"2021-06-21T14:12:36","guid":{"rendered":"https:\/\/axes-cibles-com.sn\/?page_id=1724"},"modified":"2021-06-22T16:54:41","modified_gmt":"2021-06-22T16:54:41","slug":"accueil","status":"publish","type":"page","link":"https:\/\/axes-cibles-com.sn\/","title":{"rendered":"Accueil"},"content":{"rendered":"[vc_row][vc_column][vc_column_text]\n<div class=\"wp-block-cover has-background-dim\"><img loading=\"lazy\" decoding=\"async\" width=\"768\" height=\"474\" class=\"wp-block-cover__image-background wp-image-1591\" alt=\"\" src=\"https:\/\/axes-cibles-com.sn\/wp-content\/uploads\/2021\/06\/institution.jpg\" data-object-fit=\"cover\" srcset=\"https:\/\/axes-cibles-com.sn\/wp-content\/uploads\/2021\/06\/institution.jpg 768w, https:\/\/axes-cibles-com.sn\/wp-content\/uploads\/2021\/06\/institution-300x185.jpg 300w\" sizes=\"auto, (max-width: 768px) 100vw, 768px\" \/><div class=\"wp-block-cover__inner-container is-layout-flow wp-block-cover-is-layout-flow\">\n<p class=\"has-text-align-center has-large-font-size\"><\/p>\n<\/div><\/div>\n\n\n<p>[\/vc_column_text][\/vc_column][\/vc_row][vc_row][vc_column][vc_cta h2=\u00a0\u00bbQUI SOMMES-NOUS\u00a0\u00bb txt_align=\u00a0\u00bbjustify\u00a0\u00bb]<p>Axes &amp; Cibles Com (A&amp;CC) est un acteur national s\u00e9n\u00e9galais et panafricain de production m\u00e9dia, de conseil en communication strat\u00e9gique et de relations presse et relations publiques au service d\u2019entreprises, d\u2019organisations gouvernementales et non gouvernementales. La mission d\u2019A &amp; CC est d\u2019accompagner ses clients \u00e0 imprimer de leur empreinte toutes leurs actions et communications strat\u00e9giques. Nous sommes \u00e9galement \u00e9diteur du site d\u2019information <strong>SENTRACT.SN<\/strong>\u00a0et du tablo\u00efd digital hebdo SENTRACT, disponible dans 10 pays africains et en France, \u00e0 travers la plateforme de contenus \u00e9ditoriaux (livres et journaux), \u2018\u2018Youscribe propos\u00e9 par Orange\u2019\u2019 (www.youscribe.com). Nous produisons \u00e9galement deux \u00e9missions t\u00e9l\u00e9 :\u00a0<strong>QUIZZ AFRICA<\/strong>\u00a0sur\u00a0<strong>I-TV<\/strong>\u00a0et\u00a0<strong>CI KALAAMA KOCC\u00a0<\/strong>sur\u00a0<strong>2STV<\/strong>.<br \/>Axes &amp; Cibles Com est n\u00e9 du long compagnonnage entre ses associ\u00e9s, qui avons une relation professionnelle datant de vingt ans, gage de la compl\u00e9mentarit\u00e9 de nos expertises, au service des initiatives et des besoins de nos clients. Nous op\u00e9rons dans le communication corporate, institutionnelle &amp; sociale, l\u2019ing\u00e9nierie de projet, le fundraising, les actions de marketing social et politique, et le d\u00e9veloppement de strat\u00e9gies partenariales.<\/p>[\/vc_cta][\/vc_column][\/vc_row][vc_row][vc_column][vc_cta h2=\u00a0\u00bbNOS SERVICES ET COMPETENCES\u00a0\u00bb txt_align=\u00a0\u00bbjustify\u00a0\u00bb]Notre sommes \u00e0 l\u2019\u00e9coute, pour comprendre, analyser et op\u00e9rationnaliser les besoins et attentes de nos clients.\u00a0<strong>NOUS B\u00c2TISSONS LES ID\u00c9ES EN INITIATIVES CONCR<b>\u00c8<\/b>TES PORTEUSES DE SOLUTIONS INNOVANTES<\/strong>.<\/p>\n<p>Aider nos PARTENAIRES \u00e0 consolider leur IMAGE et \u00e0 renforcer leur\u00a0<strong>CR\u00c9DIBILIT\u00c9 R\u00c9PUTATIONNELLE.<\/strong><br \/>Nous sommes au service du d\u00e9veloppement des \u00e9conomies nationales. Notre int\u00e9gration partenariale dans l\u2019\u00e9cosyst\u00e8me \u00e9conomique, politique et culturel s\u00e9n\u00e9galais et ouest-africain au service des acteurs publics et priv\u00e9s nous qualifie comme un partenaire privil\u00e9gi\u00e9 et permanent de nos clients.[\/vc_cta][vc_row_inner][vc_column_inner width=\u00a0\u00bb1\/3&Prime;][vc_single_image image=\u00a0\u00bb1589&Prime; alignment=\u00a0\u00bbcenter\u00a0\u00bb title=\u00a0\u00bbVALEUR ET PLUS-VALUE \u00c9DITORIALE\u00a0\u00bb][vc_column_text]<strong>Axes et Cibles Com vous accompagne dans la conception et le renforcement de votre strat\u00e9gie m\u00e9dias, \u00e0 travers ses comp\u00e9tences en copy-writing et\u00a0<\/strong>contenus \u00e9ditoriaux \u00e0 forte valeur ajout\u00e9e. Elle organise vos relations avec les m\u00e9dias, pour vous permettre de d\u00e9ployer des strat\u00e9gies \u00e0 fort impact.[\/vc_column_text][\/vc_column_inner][vc_column_inner width=\u00a0\u00bb1\/3&Prime;][vc_single_image image=\u00a0\u00bb1590&Prime; alignment=\u00a0\u00bbcenter\u00a0\u00bb title=\u00a0\u00bbVALEUR ET PLUS-VALUE DIGITALE\u00a0\u00bb][vc_column_text]<strong>Axes et Cibles Com accompagne le d\u00e9veloppement de votre empreinte sur les plateformes digitales, et aide \u00e0 \u00e9riger et consolider votre e- notori\u00e9t\u00e9<\/strong>. Elle a une \u00e9quipe d\u00e9di\u00e9e R\u00e9seaux Sociaux, qui \u00e9labore, produit et diss\u00e9mine vos contenus sur plateformes digitales. L\u2019agence mobilise des influenceurs pour \u00eatre des relais de vos strat\u00e9gies.[\/vc_column_text][\/vc_column_inner][vc_column_inner width=\u00a0\u00bb1\/3&Prime;][vc_single_image image=\u00a0\u00bb1591&Prime; alignment=\u00a0\u00bbcenter\u00a0\u00bb title=\u00a0\u00bbVALEUR ET PLUS-VALUE INSTITUTIONNELLE\u00a0\u00bb][vc_column_text]<\/p>\n<div id=\"content\" class=\"site-content\">\n<div id=\"content-inside\" class=\"container no-sidebar\">\n<div id=\"primary\" class=\"content-area\">\n<p><strong>Axes et Cibles Com vous appuie dans votre strat\u00e9gie d\u2019influence aupr\u00e8s des d\u00e9cideurs institutionnels, \u00e9tatiques et non-\u00e9tatiques.<\/strong><\/p>\n<p>Axes &amp; Cibles Com fournit les prestations suivantes en communication, marketing et d\u00e9veloppement :<\/p>\n<p>\u2013 Elaboration, audit et mise en \u0153uvre de strat\u00e9gie de communication<\/p>\n<p>\u2013 Elaboration de business plans<\/p>\n<p>\u2013 Media training &amp; coaching media<\/p>\n<p>\u2013 Conception et \u00e9laboration de r\u00e9dactionnels corporate et institutionnels<\/p>\n<p>\u2013 Conception (textes publicitaires) et enregistrement de spots radios et TV<\/p>\n<p>\u2013 Animation de conf\u00e9rences<\/p>\n<p>\u2013 Relations presse<\/p>\n<p>\u2013 Relations publiques<\/p>\n<p>\u2013 Community \u2013 management (formation et prestation de services)<\/p>\n<p>\u2013 Communication interne d\u2019entreprise (newsletter, incentives, ateliers)<\/p>\n<p>\u2013 Cr\u00e9ation de noms et marques<\/p>\n<p>\u2013 Outils de travails collaboratifs (formation et prestation de services)<\/p>\n<\/div>\n<\/div>\n<\/div>\n<p>[\/vc_column_text][\/vc_column_inner][\/vc_row_inner][\/vc_column][\/vc_row][vc_row][vc_column][vc_cta h2=\u00a0\u00bbNOTRE \u00c9QUIPE\u00a0\u00bb txt_align=\u00a0\u00bbjustify\u00a0\u00bb]<\/p>\n<div class=\"vc_row wpb_row vc_row-fluid\">\n<div class=\"wpb_column vc_column_container vc_col-sm-12\">\n<div class=\"vc_column-inner \">\n<div class=\"wpb_wrapper\">\n<div class=\"wpb_text_column wpb_content_element \">\n<div class=\"wpb_wrapper\">\n<p>Axes &amp; Cibles Com fournit \u00e0 ses partenaires une gamme large d\u2019expertises et de comp\u00e9tences adoss\u00e9es \u00e0 une solide exp\u00e9rience de plus de vingt ans de chaque expert de son \u00e9quipe.<br \/>Nos collaborateurs ont l\u2019exp\u00e9rience des collaborations multiculturelles.\u00a0<strong>NOUS SOMMES UNE TEAM TOUJOURS EN MODE READY-TO-GO<\/strong>\u00a0:\u00a0<strong>OUSSEYNOU NAR GUEYE<\/strong>,\u00a0<strong>CHEIKH TIDIANE COLY<\/strong>,\u00a0<strong>BASSIROU NIANG<\/strong>\u00a0et\u00a0<strong>HAYMOUTE SOW<\/strong>.<br \/>Axes et Cibles Com accompagne ses clients dans la construction de leur plaidoyer, le maintien et la consolidation de leur cr\u00e9dibilit\u00e9 r\u00e9putationnelle, ainsi que la promotion de leurs action et la facilitation de leurs communications aupr\u00e8s des d\u00e9cideurs publics et acteurs priv\u00e9s, \u00e0 travers les territoires dans lesquels nous intervenons: m\u00e9dias, opinions publiques, plateformes digitales et acteurs institutionnelles.<\/p>\n<p>Axes et Cibles Com b\u00e9n\u00e9ficie d\u00e9j\u00e0 de r\u00e9f\u00e9rences de haut standing et s\u2019aligne sur les meilleurs standards internationaux de conception et mise en \u0153uvre de strat\u00e9gies de communication, actions de fundraising et activit\u00e9s de montage de projets.<\/p>\n<\/div>\n<\/div>\n<\/div>\n<\/div>\n<\/div>\n<\/div>\n<p>[\/vc_cta][vc_row_inner][vc_column_inner width=\u00a0\u00bb1\/4&Prime;][vc_single_image image=\u00a0\u00bb1702&Prime; img_size=\u00a0\u00bb200&#215;300&Prime; alignment=\u00a0\u00bbcenter\u00a0\u00bb css=\u00a0\u00bb.vc_custom_1624297938247{background-position: center !important;background-repeat: no-repeat !important;background-size: contain !important;}\u00a0\u00bb title=\u00a0\u00bbOusseynou Nar Gueye\u00a0\u00bb][vc_column_text]<p><strong>DIRECTEUR G\u00c9N\u00c9RAL, EXPERT EN ING\u00c9NIERIE DE PROJETS, FUNDRAISING &amp; COMMUNICATION STRAT\u00c9GIQUE<\/strong><\/p>[\/vc_column_text][\/vc_column_inner][vc_column_inner width=\u00a0\u00bb1\/4&Prime;][vc_single_image image=\u00a0\u00bb1499&Prime; img_size=\u00a0\u00bb200&#215;300&Prime; alignment=\u00a0\u00bbcenter\u00a0\u00bb title=\u00a0\u00bbCheikh Tidiane Coly\u00a0\u00bb][vc_column_text]<p><strong>CHEIKH TIDIANE COLY, DIRECTEUR G\u00c9N\u00c9RAL ADJOINT, M\u00c9DIA MANAGER &amp; EXPERT RP<\/strong><\/p>[\/vc_column_text][\/vc_column_inner][vc_column_inner width=\u00a0\u00bb1\/4&Prime;][vc_single_image image=\u00a0\u00bb1660&Prime; img_size=\u00a0\u00bb200&#215;300&Prime; alignment=\u00a0\u00bbcenter\u00a0\u00bb title=\u00a0\u00bbBassirou Niang\u00a0\u00bb][vc_column_text]<p><strong>EXPERT MEDIA ET CONSULTANT EN COMMUNICATION SOCIALE.<\/strong><\/p>[\/vc_column_text][\/vc_column_inner][vc_column_inner width=\u00a0\u00bb1\/4&Prime;][vc_single_image image=\u00a0\u00bb1643&Prime; img_size=\u00a0\u00bb200&#215;300&Prime; alignment=\u00a0\u00bbcenter\u00a0\u00bb title=\u00a0\u00bbHaymoute Sow\u00a0\u00bb][vc_column_text]<p><strong>ING\u00c9NIEUR D\u2019\u00c9TUDES, D\u00c9VELOPPEUR FULLSTACK ET WEB MASTER<\/strong><\/p>[\/vc_column_text][\/vc_column_inner][\/vc_row_inner][\/vc_column][\/vc_row][vc_row][vc_column][vc_cta h2=\u00a0\u00bbNOS PARTENARIATS\u00a0\u00bb txt_align=\u00a0\u00bbjustify\u00a0\u00bb]Axes &amp; Cibles Com est partenaire des m\u00e9dias et \u00e9v\u00e9nement suivants, pour l\u2019insertion publicitaire, les r\u00e9dactionnels promotionnels et les packs annonceurs :[\/vc_cta][vc_row_inner][vc_column_inner width=\u00a0\u00bb1\/3&Prime;][vc_single_image image=\u00a0\u00bb1519&Prime; alignment=\u00a0\u00bbcenter\u00a0\u00bb][vc_column_text]<\/p>\n<h4 style=\"text-align: center;\"><strong>Groupe Jeune Afrique<\/strong><\/h4>\n<p>[\/vc_column_text][\/vc_column_inner][vc_column_inner width=\u00a0\u00bb1\/3&Prime;][vc_single_image image=\u00a0\u00bb1521&Prime; alignment=\u00a0\u00bbcenter\u00a0\u00bb][vc_column_text]<\/p>\n<h4 style=\"text-align: center;\"><strong>Magazine Notre Afrik<\/strong><\/h4>\n<p>[\/vc_column_text][\/vc_column_inner][vc_column_inner width=\u00a0\u00bb1\/3&Prime;][vc_single_image image=\u00a0\u00bb1530&Prime; alignment=\u00a0\u00bbcenter\u00a0\u00bb][vc_column_text]<\/p>\n<h4 style=\"text-align: center;\"><strong>Rebranding Africa Forum<\/strong><\/h4>\n<p>[\/vc_column_text][\/vc_column_inner][\/vc_row_inner][\/vc_column][\/vc_row][vc_row][vc_column][vc_cta h2=\u00a0\u00bbCONTACTEZ-NOUS\u00a0\u00bb txt_align=\u00a0\u00bbjustify\u00a0\u00bb][\/vc_cta][vc_row_inner][vc_column_inner width=\u00a0\u00bb2\/3&Prime;]<div class=\"wpforms-container wpforms-container-full\" id=\"wpforms-1431\"><form id=\"wpforms-form-1431\" class=\"wpforms-validate wpforms-form wpforms-ajax-form\" data-formid=\"1431\" method=\"post\" enctype=\"multipart\/form-data\" action=\"\/index.php\/wp-json\/wp\/v2\/pages\/1724\" data-token=\"61e65e073bda9fbac7a22b3f7f9dd2b6\"><div class=\"wpforms-head-container\"><\/div><noscript class=\"wpforms-error-noscript\">Veuillez activer JavaScript dans votre navigateur pour remplir ce formulaire.<\/noscript><div class=\"wpforms-field-container\"><div id=\"wpforms-1431-field_1-container\" class=\"wpforms-field wpforms-field-name\" data-field-id=\"1\"><label class=\"wpforms-field-label\" for=\"wpforms-1431-field_1\">Nom <span class=\"wpforms-required-label\">*<\/span><\/label><div class=\"wpforms-field-row wpforms-field-medium\"><div class=\"wpforms-field-row-block wpforms-first wpforms-one-half\"><input type=\"text\" id=\"wpforms-1431-field_1\" class=\"wpforms-field-name-first wpforms-field-required\" name=\"wpforms[fields][1][first]\" required><label for=\"wpforms-1431-field_1\" class=\"wpforms-field-sublabel after \">Pr\u00e9nom<\/label><\/div><div class=\"wpforms-field-row-block wpforms-one-half\"><input type=\"text\" id=\"wpforms-1431-field_1-last\" class=\"wpforms-field-name-last wpforms-field-required\" name=\"wpforms[fields][1][last]\" required><label for=\"wpforms-1431-field_1-last\" class=\"wpforms-field-sublabel after \">Nom<\/label><\/div><\/div><\/div><div id=\"wpforms-1431-field_2-container\" class=\"wpforms-field wpforms-field-email\" data-field-id=\"2\"><label class=\"wpforms-field-label\" for=\"wpforms-1431-field_2\">E-mail <span class=\"wpforms-required-label\">*<\/span><\/label><input type=\"email\" id=\"wpforms-1431-field_2\" class=\"wpforms-field-medium wpforms-field-required\" name=\"wpforms[fields][2]\" required><\/div><div id=\"wpforms-1431-field_0-container\" class=\"wpforms-field wpforms-field-textarea\" data-field-id=\"0\"><label class=\"wpforms-field-label\" for=\"wpforms-1431-field_0\">Message <span class=\"wpforms-required-label\">*<\/span><\/label><textarea id=\"wpforms-1431-field_0\" class=\"wpforms-field-medium wpforms-field-required\" name=\"wpforms[fields][0]\" required><\/textarea><\/div><\/div><div class=\"wpforms-submit-container\" ><input type=\"hidden\" name=\"wpforms[id]\" value=\"1431\"><input type=\"hidden\" name=\"wpforms[author]\" value=\"1\"><button type=\"submit\" name=\"wpforms[submit]\" class=\"wpforms-submit \" id=\"wpforms-submit-1431\" value=\"wpforms-submit\" aria-live=\"assertive\" >Envoyer<\/button><img loading=\"lazy\" decoding=\"async\" src=\"https:\/\/axes-cibles-com.sn\/wp-content\/plugins\/wpforms-lite\/assets\/images\/submit-spin.svg\" class=\"wpforms-submit-spinner\" style=\"display: none;\" width=\"26\" height=\"26\" alt=\"\"><\/div><\/form><\/div>  <!-- .wpforms-container -->[\/vc_column_inner][vc_column_inner width=\u00a0\u00bb1\/3&Prime;][vc_column_text]\u00a0<\/p>\n<p>\u00a0<\/p>\n<p>Axes &amp;\u00a0 Cibles Com 85 B, Sacr\u00e9-Coeur III, Pyrotechnie, Dakar-S\u00e9n\u00e9gal<\/p>\n<p><strong>T\u00e9l.<\/strong> : +221 332843030<\/p>\n<p><strong>Mobile<\/strong> : 77558 63 62[\/vc_column_text][\/vc_column_inner][\/vc_row_inner][\/vc_column][\/vc_row]","protected":false},"excerpt":{"rendered":"<p>[vc_row][vc_column][vc_column_text] [\/vc_column_text][\/vc_column][\/vc_row][vc_row][vc_column][vc_cta h2=\u00a0\u00bbQUI SOMMES-NOUS\u00a0\u00bb txt_align=\u00a0\u00bbjustify\u00a0\u00bb] Axes &amp; Cibles Com (A&amp;CC) est un acteur national s\u00e9n\u00e9galais et panafricain de production m\u00e9dia, de conseil en communication strat\u00e9gique et de relations presse et &#8230;<\/p>\n","protected":false},"author":1,"featured_media":0,"parent":0,"menu_order":0,"comment_status":"closed","ping_status":"closed","template":"","meta":{"footnotes":""},"class_list":["post-1724","page","type-page","status-publish","hentry"],"_links":{"self":[{"href":"https:\/\/axes-cibles-com.sn\/index.php\/wp-json\/wp\/v2\/pages\/1724","targetHints":{"allow":["GET"]}}],"collection":[{"href":"https:\/\/axes-cibles-com.sn\/index.php\/wp-json\/wp\/v2\/pages"}],"about":[{"href":"https:\/\/axes-cibles-com.sn\/index.php\/wp-json\/wp\/v2\/types\/page"}],"author":[{"embeddable":true,"href":"https:\/\/axes-cibles-com.sn\/index.php\/wp-json\/wp\/v2\/users\/1"}],"replies":[{"embeddable":true,"href":"https:\/\/axes-cibles-com.sn\/index.php\/wp-json\/wp\/v2\/comments?post=1724"}],"version-history":[{"count":22,"href":"https:\/\/axes-cibles-com.sn\/index.php\/wp-json\/wp\/v2\/pages\/1724\/revisions"}],"predecessor-version":[{"id":1760,"href":"https:\/\/axes-cibles-com.sn\/index.php\/wp-json\/wp\/v2\/pages\/1724\/revisions\/1760"}],"wp:attachment":[{"href":"https:\/\/axes-cibles-com.sn\/index.php\/wp-json\/wp\/v2\/media?parent=1724"}],"curies":[{"name":"wp","href":"https:\/\/api.w.org\/{rel}","templated":true}]}}