{"id":1575,"date":"2021-06-19T13:02:31","date_gmt":"2021-06-19T13:02:31","guid":{"rendered":"https:\/\/axes-cibles-com.sn\/?page_id=1575"},"modified":"2021-06-21T15:26:57","modified_gmt":"2021-06-21T15:26:57","slug":"nos-references","status":"publish","type":"page","link":"https:\/\/axes-cibles-com.sn\/index.php\/nos-references\/","title":{"rendered":"Nos r\u00e9f\u00e9rences"},"content":{"rendered":"<p>[vc_row][vc_column][vc_column_text]<strong>Ils nous ont fait confiance :<\/strong><\/p>\n<p>&nbsp;[\/vc_column_text][\/vc_column][\/vc_row][vc_row][vc_column width=\u00a0\u00bb1\/3&Prime;][vc_cta h2=\u00a0\u00bbEllipse Projects S\u00e9n\u00e9gal \u00a0\u00bb h4=\u00a0\u00bb(BTP)\u00a0\u00bb txt_align=\u00a0\u00bbcenter\u00a0\u00bb][\/vc_cta][\/vc_column][vc_column width=\u00a0\u00bb1\/3&Prime;][vc_cta h2=\u00a0\u00bbJeune Afrique Media Group \u00a0\u00bb h4=\u00a0\u00bb(Paris)\u00a0\u00bb txt_align=\u00a0\u00bbcenter\u00a0\u00bb][\/vc_cta][\/vc_column][vc_column width=\u00a0\u00bb1\/3&Prime;][vc_cta h2=\u00a0\u00bbAfrica Pipe Industries \u00a0\u00bb txt_align=\u00a0\u00bbcenter\u00a0\u00bb][\/vc_cta][\/vc_column][\/vc_row][vc_row][vc_column width=\u00a0\u00bb1\/3&Prime;][vc_cta h2=\u00a0\u00bbNTF IV (Netherlands Trust Fund)\u00a0\u00bb txt_align=\u00a0\u00bbcenter\u00a0\u00bb][\/vc_cta][\/vc_column][vc_column width=\u00a0\u00bb1\/3&Prime;][vc_cta h2=\u00a0\u00bbInternational Trade Center \u00a0\u00bb h4=\u00a0\u00bb(Gen\u00e8ve)\u00a0\u00bb txt_align=\u00a0\u00bbcenter\u00a0\u00bb][\/vc_cta][\/vc_column][vc_column width=\u00a0\u00bb1\/3&Prime;][vc_cta h2=\u00a0\u00bbGroupe Experts Associ\u00e9s International \u00a0\u00bb h4=\u00a0\u00bb(www.expertsassocies.com, int\u00e9gration de solutions de s\u00e9curit\u00e9 globale) \u00a0\u00bb txt_align=\u00a0\u00bbcenter\u00a0\u00bb][\/vc_cta][\/vc_column][\/vc_row][vc_row][vc_column width=\u00a0\u00bb1\/2&Prime;][vc_cta h2=\u00a0\u00bbPACAO S\u00e9n\u00e9gal &#8211; composante TIC\u00a0\u00bb h4=\u00a0\u00bb(Programme d&rsquo;am\u00e9lioration de la Comp\u00e9titivit\u00e9 en Afrique de l&rsquo;Ouest) \u00a0\u00bb txt_align=\u00a0\u00bbcenter\u00a0\u00bb][\/vc_cta][\/vc_column][vc_column width=\u00a0\u00bb1\/2&Prime;][vc_cta h2=\u00a0\u00bbEntretiens Eurafricains de  Dakar\u00a0\u00bb txt_align=\u00a0\u00bbcenter\u00a0\u00bb][\/vc_cta][\/vc_column][\/vc_row][vc_row][vc_column width=\u00a0\u00bb1\/3&Prime;][vc_cta h2=\u00a0\u00bbGroupe SEEE \u00a0\u00bb h4=\u00a0\u00bb(www.groupe-seee.com, second-\u0153uvre de b\u00e2timent) \u00a0\u00bb txt_align=\u00a0\u00bbcenter\u00a0\u00bb][\/vc_cta][\/vc_column][vc_column width=\u00a0\u00bb1\/3&Prime;][vc_cta h2=\u00a0\u00bbGroupe Samori Media Communication\u00a0\u00bb h4=\u00a0\u00bb (Bruxelles, Belgique)  \u00a0\u00bb txt_align=\u00a0\u00bbcenter\u00a0\u00bb][\/vc_cta][\/vc_column][vc_column width=\u00a0\u00bb1\/3&Prime;][vc_cta h2=\u00a0\u00bbMagazine Notre Afrik \u00a0\u00bb h4=\u00a0\u00bb(Bruxelles) \u00a0\u00bb txt_align=\u00a0\u00bbcenter\u00a0\u00bb][\/vc_cta][\/vc_column][\/vc_row][vc_row][vc_column width=\u00a0\u00bb1\/3&Prime;][vc_cta h2=\u00a0\u00bbR\u00e9seau Parlementaire pour la Bonne Gouvernance des Ressources min\u00e9rales du S\u00e9n\u00e9gal \u00a0\u00bb h4=\u00a0\u00bb(RGM)\u00a0\u00bb txt_align=\u00a0\u00bbcenter\u00a0\u00bb][\/vc_cta][\/vc_column][vc_column width=\u00a0\u00bb1\/3&Prime;][vc_cta h2=\u00a0\u00bbOXFAM\u00a0\u00bb txt_align=\u00a0\u00bbcenter\u00a0\u00bb][\/vc_cta][\/vc_column][vc_column width=\u00a0\u00bb1\/3&Prime;][vc_cta h2=\u00a0\u00bbFondation Mamba Guirassy pour l\u2019Entrepreneuriat \u00a0\u00bb h4=\u00a0\u00bb(www.fondationmambaguirassy.org )\u00a0\u00bb txt_align=\u00a0\u00bbcenter\u00a0\u00bb][\/vc_cta][\/vc_column][\/vc_row][vc_row][vc_column width=\u00a0\u00bb1\/3&Prime;][vc_cta h2=\u00a0\u00bbSUN\u00a0\u00bb h4=\u00a0\u00bbScaling Up Nutrition\u00a0\u00bb txt_align=\u00a0\u00bbcenter\u00a0\u00bb][\/vc_cta][\/vc_column][vc_column width=\u00a0\u00bb1\/3&Prime;][vc_cta h2=\u00a0\u00bbUAF-Africa \u00a0\u00bb h4=\u00a0\u00bb(Urgent Action Africa Fund)\u00a0\u00bb txt_align=\u00a0\u00bbcenter\u00a0\u00bb][\/vc_cta][\/vc_column][vc_column width=\u00a0\u00bb1\/3&Prime;][vc_cta h2=\u00a0\u00bbUNICEF \u00a0\u00bb txt_align=\u00a0\u00bbcenter\u00a0\u00bb][\/vc_cta][\/vc_column][\/vc_row][vc_row][vc_column width=\u00a0\u00bb1\/3&Prime;][vc_cta h2=\u00a0\u00bbD\u00e9l\u00e9gation g\u00e9n\u00e9rale de l\u2019Alliance Fran\u00e7aise au S\u00e9n\u00e9gal  et en Gambie\u00a0\u00bb txt_align=\u00a0\u00bbcenter\u00a0\u00bb][\/vc_cta][\/vc_column][vc_column width=\u00a0\u00bb1\/3&Prime;][vc_cta h2=\u00a0\u00bbPPIP\u00a0\u00bb h4=\u00a0\u00bbProjet de Promotion des Investissements Priv\u00e9s (Banque Mondiale)\u00a0\u00bb txt_align=\u00a0\u00bbcenter\u00a0\u00bb][\/vc_cta][\/vc_column][vc_column width=\u00a0\u00bb1\/3&Prime;][vc_cta h2=\u00a0\u00bbOSIWA \u00a0\u00bb h4=\u00a0\u00bbOpen Society Initiative for West Africa\u00a0\u00bb txt_align=\u00a0\u00bbcenter\u00a0\u00bb][\/vc_cta][\/vc_column][\/vc_row]<\/p>\n","protected":false},"excerpt":{"rendered":"<p>[vc_row][vc_column][vc_column_text]Ils nous ont fait confiance : &nbsp;[\/vc_column_text][\/vc_column][\/vc_row][vc_row][vc_column width=\u00a0\u00bb1\/3&Prime;][vc_cta h2=\u00a0\u00bbEllipse Projects S\u00e9n\u00e9gal \u00a0\u00bb h4=\u00a0\u00bb(BTP)\u00a0\u00bb txt_align=\u00a0\u00bbcenter\u00a0\u00bb][\/vc_cta][\/vc_column][vc_column width=\u00a0\u00bb1\/3&Prime;][vc_cta h2=\u00a0\u00bbJeune Afrique Media Group \u00a0\u00bb h4=\u00a0\u00bb(Paris)\u00a0\u00bb txt_align=\u00a0\u00bbcenter\u00a0\u00bb][\/vc_cta][\/vc_column][vc_column width=\u00a0\u00bb1\/3&Prime;][vc_cta h2=\u00a0\u00bbAfrica Pipe Industries \u00a0\u00bb txt_align=\u00a0\u00bbcenter\u00a0\u00bb][\/vc_cta][\/vc_column][\/vc_row][vc_row][vc_column width=\u00a0\u00bb1\/3&Prime;][vc_cta h2=\u00a0\u00bbNTF &#8230;<\/p>\n","protected":false},"author":1,"featured_media":0,"parent":0,"menu_order":0,"comment_status":"closed","ping_status":"closed","template":"","meta":{"footnotes":""},"class_list":["post-1575","page","type-page","status-publish","hentry"],"_links":{"self":[{"href":"https:\/\/axes-cibles-com.sn\/index.php\/wp-json\/wp\/v2\/pages\/1575","targetHints":{"allow":["GET"]}}],"collection":[{"href":"https:\/\/axes-cibles-com.sn\/index.php\/wp-json\/wp\/v2\/pages"}],"about":[{"href":"https:\/\/axes-cibles-com.sn\/index.php\/wp-json\/wp\/v2\/types\/page"}],"author":[{"embeddable":true,"href":"https:\/\/axes-cibles-com.sn\/index.php\/wp-json\/wp\/v2\/users\/1"}],"replies":[{"embeddable":true,"href":"https:\/\/axes-cibles-com.sn\/index.php\/wp-json\/wp\/v2\/comments?post=1575"}],"version-history":[{"count":5,"href":"https:\/\/axes-cibles-com.sn\/index.php\/wp-json\/wp\/v2\/pages\/1575\/revisions"}],"predecessor-version":[{"id":1740,"href":"https:\/\/axes-cibles-com.sn\/index.php\/wp-json\/wp\/v2\/pages\/1575\/revisions\/1740"}],"wp:attachment":[{"href":"https:\/\/axes-cibles-com.sn\/index.php\/wp-json\/wp\/v2\/media?parent=1575"}],"curies":[{"name":"wp","href":"https:\/\/api.w.org\/{rel}","templated":true}]}}