{"id":1550,"date":"2021-06-15T13:29:00","date_gmt":"2021-06-15T13:29:00","guid":{"rendered":"https:\/\/axes-cibles-com.sn\/?page_id=1550"},"modified":"2021-06-19T14:17:16","modified_gmt":"2021-06-19T14:17:16","slug":"nos-partenariats","status":"publish","type":"page","link":"https:\/\/axes-cibles-com.sn\/index.php\/nos-partenariats\/","title":{"rendered":"Nos  partenariats"},"content":{"rendered":"<p>[vc_row][vc_column][vc_column_text]Axes &amp; Cibles Com est partenaire des m\u00e9dias et \u00e9v\u00e9nement suivants, pour l\u2019insertion publicitaire, les r\u00e9dactionnels promotionnels et les packs annonceurs :[\/vc_column_text][\/vc_column][\/vc_row][vc_row][vc_column width=\u00a0\u00bb1\/3&Prime;][vc_single_image image=\u00a0\u00bb1520&Prime; alignment=\u00a0\u00bbcenter\u00a0\u00bb][vc_column_text]<\/p>\n<h4 style=\"text-align: center;\">Groupe Jeune Afrique<\/h4>\n<p>[\/vc_column_text][\/vc_column][vc_column width=\u00a0\u00bb1\/3&Prime;][vc_single_image image=\u00a0\u00bb1529&Prime; alignment=\u00a0\u00bbcenter\u00a0\u00bb][vc_column_text]<\/p>\n<h4 style=\"text-align: center;\">Magazine Notre Afrik<\/h4>\n<p>[\/vc_column_text][\/vc_column][vc_column width=\u00a0\u00bb1\/3&Prime;][vc_single_image image=\u00a0\u00bb1530&Prime; alignment=\u00a0\u00bbcenter\u00a0\u00bb][vc_column_text]<\/p>\n<h4 style=\"text-align: center;\">Rebranding Africa Forum<\/h4>\n<p>[\/vc_column_text][\/vc_column][\/vc_row]<\/p>\n","protected":false},"excerpt":{"rendered":"<p>[vc_row][vc_column][vc_column_text]Axes &amp; Cibles Com est partenaire des m\u00e9dias et \u00e9v\u00e9nement suivants, pour l\u2019insertion publicitaire, les r\u00e9dactionnels promotionnels et les packs annonceurs :[\/vc_column_text][\/vc_column][\/vc_row][vc_row][vc_column width=\u00a0\u00bb1\/3&Prime;][vc_single_image image=\u00a0\u00bb1520&Prime; alignment=\u00a0\u00bbcenter\u00a0\u00bb][vc_column_text] Groupe Jeune Afrique [\/vc_column_text][\/vc_column][vc_column width=\u00a0\u00bb1\/3&Prime;][vc_single_image &#8230;<\/p>\n","protected":false},"author":1,"featured_media":0,"parent":0,"menu_order":0,"comment_status":"closed","ping_status":"closed","template":"","meta":{"footnotes":""},"class_list":["post-1550","page","type-page","status-publish","hentry"],"_links":{"self":[{"href":"https:\/\/axes-cibles-com.sn\/index.php\/wp-json\/wp\/v2\/pages\/1550","targetHints":{"allow":["GET"]}}],"collection":[{"href":"https:\/\/axes-cibles-com.sn\/index.php\/wp-json\/wp\/v2\/pages"}],"about":[{"href":"https:\/\/axes-cibles-com.sn\/index.php\/wp-json\/wp\/v2\/types\/page"}],"author":[{"embeddable":true,"href":"https:\/\/axes-cibles-com.sn\/index.php\/wp-json\/wp\/v2\/users\/1"}],"replies":[{"embeddable":true,"href":"https:\/\/axes-cibles-com.sn\/index.php\/wp-json\/wp\/v2\/comments?post=1550"}],"version-history":[{"count":11,"href":"https:\/\/axes-cibles-com.sn\/index.php\/wp-json\/wp\/v2\/pages\/1550\/revisions"}],"predecessor-version":[{"id":1600,"href":"https:\/\/axes-cibles-com.sn\/index.php\/wp-json\/wp\/v2\/pages\/1550\/revisions\/1600"}],"wp:attachment":[{"href":"https:\/\/axes-cibles-com.sn\/index.php\/wp-json\/wp\/v2\/media?parent=1550"}],"curies":[{"name":"wp","href":"https:\/\/api.w.org\/{rel}","templated":true}]}}