{"id":1548,"date":"2021-06-15T13:28:59","date_gmt":"2021-06-15T13:28:59","guid":{"rendered":"https:\/\/axes-cibles-com.sn\/?page_id=1548"},"modified":"2021-06-19T20:35:41","modified_gmt":"2021-06-19T20:35:41","slug":"nos-services-et-competences","status":"publish","type":"page","link":"https:\/\/axes-cibles-com.sn\/index.php\/nos-services-et-competences\/","title":{"rendered":"Nos services et comp\u00e9tences"},"content":{"rendered":"<p>[vc_row][vc_column][vc_column_text]Notre sommes \u00e0 l\u2019\u00e9coute, pour comprendre, analyser et op\u00e9rationnaliser les besoins et attentes de nos clients. <strong>NOUS B\u00c2TISSONS LES ID\u00c9ES EN INITIATIVES CONCR<b>\u00c8<\/b>TES PORTEUSES DE SOLUTIONS INNOVANTES<\/strong>.<\/p>\n<p>Aider nos PARTENAIRES \u00e0 consolider leur IMAGE et \u00e0 renforcer leur <strong>CR\u00c9DIBILIT\u00c9 R\u00c9PUTATIONNELLE.<\/strong><br \/>\nNous sommes au service du d\u00e9veloppement des \u00e9conomies nationales. Notre int\u00e9gration partenariale dans l\u2019\u00e9cosyst\u00e8me \u00e9conomique, politique et culturel s\u00e9n\u00e9galais et ouest-africain au service des acteurs publics et priv\u00e9s nous qualifie comme un partenaire privil\u00e9gi\u00e9 et permanent de nos clients.[\/vc_column_text][vc_row_inner][vc_column_inner width=\u00a0\u00bb1\/3&Prime;][vc_single_image image=\u00a0\u00bb1589&Prime; alignment=\u00a0\u00bbcenter\u00a0\u00bb onclick=\u00a0\u00bblink_image\u00a0\u00bb css_animation=\u00a0\u00bbbounceInUp\u00a0\u00bb title=\u00a0\u00bbVALEUR ET PLUS-VALUE \u00c9DITORIALE\u00a0\u00bb][vc_column_text]<strong>Axes et Cibles Com vous accompagne dans la conception et le renforcement de votre strat\u00e9gie m\u00e9dias, \u00e0 travers ses comp\u00e9tences en copy-writing et\u00a0<\/strong>contenus \u00e9ditoriaux \u00e0 forte valeur ajout\u00e9e. Elle organise vos relations avec les m\u00e9dias, pour vous permettre de d\u00e9ployer des strat\u00e9gies \u00e0 fort impact.[\/vc_column_text][\/vc_column_inner][vc_column_inner width=\u00a0\u00bb1\/3&Prime;][vc_single_image image=\u00a0\u00bb1590&Prime; alignment=\u00a0\u00bbcenter\u00a0\u00bb onclick=\u00a0\u00bblink_image\u00a0\u00bb css_animation=\u00a0\u00bbbounceInUp\u00a0\u00bb title=\u00a0\u00bbVALEUR ET PLUS-VALUE DIGITALE\u00a0\u00bb][vc_column_text]<strong>Axes et Cibles Com accompagne le d\u00e9veloppement de votre empreinte sur les plateformes digitales, et aide \u00e0 \u00e9riger et consolider votre e- notori\u00e9t\u00e9<\/strong>. Elle a une \u00e9quipe d\u00e9di\u00e9e R\u00e9seaux Sociaux, qui \u00e9labore, produit et diss\u00e9mine vos contenus sur plateformes digitales. L\u2019agence mobilise des influenceurs pour \u00eatre des relais de vos strat\u00e9gies.[\/vc_column_text][\/vc_column_inner][vc_column_inner width=\u00a0\u00bb1\/3&Prime;][vc_single_image image=\u00a0\u00bb1591&Prime; alignment=\u00a0\u00bbcenter\u00a0\u00bb onclick=\u00a0\u00bblink_image\u00a0\u00bb css_animation=\u00a0\u00bbbounceInUp\u00a0\u00bb title=\u00a0\u00bbVALEUR ET PLUS-VALUE INSTITUTIONNELLE\u00a0\u00bb][vc_column_text]<strong>Axes et Cibles Com vous appuie dans votre strat\u00e9gie d\u2019influence aupr\u00e8s des d\u00e9cideurs institutionnels, \u00e9tatiques et non-\u00e9tatiques.<\/strong><\/p>\n<p>Axes&amp;Cibles Com fournit les prestations suivantes\u00a0en communication, marketing et d\u00e9veloppement :<\/p>\n<p>\u2013 Elaboration, audit et mise en \u0153uvre de strat\u00e9gie de communication<\/p>\n<p>\u2013 Elaboration de business plans<\/p>\n<p>\u2013 Media training &amp; coaching media<\/p>\n<p>\u2013 Conception et \u00e9laboration de r\u00e9dactionnels corporate et institutionnels<\/p>\n<p>\u2013 Conception (textes publicitaires) et enregistrement de spots radios et TV<\/p>\n<p>\u2013 Animation de conf\u00e9rences<\/p>\n<p>\u2013 Relations presse<\/p>\n<p>\u2013 Relations publiques<\/p>\n<p>\u2013 Community \u2013 management (formation et prestation de services)<\/p>\n<p>\u2013 Communication interne d\u2019entreprise (newsletter, incentives, ateliers)<\/p>\n<p>\u2013 Cr\u00e9ation de noms et marques<\/p>\n<p>\u2013 Outils de travails collaboratifs (formation et prestation de services)[\/vc_column_text][\/vc_column_inner][\/vc_row_inner][\/vc_column][\/vc_row]<\/p>\n","protected":false},"excerpt":{"rendered":"<p>[vc_row][vc_column][vc_column_text]Notre sommes \u00e0 l\u2019\u00e9coute, pour comprendre, analyser et op\u00e9rationnaliser les besoins et attentes de nos clients. NOUS B\u00c2TISSONS LES ID\u00c9ES EN INITIATIVES CONCR\u00c8TES PORTEUSES DE SOLUTIONS INNOVANTES. Aider nos PARTENAIRES &#8230;<\/p>\n","protected":false},"author":1,"featured_media":0,"parent":0,"menu_order":0,"comment_status":"closed","ping_status":"closed","template":"","meta":{"footnotes":""},"class_list":["post-1548","page","type-page","status-publish","hentry"],"_links":{"self":[{"href":"https:\/\/axes-cibles-com.sn\/index.php\/wp-json\/wp\/v2\/pages\/1548","targetHints":{"allow":["GET"]}}],"collection":[{"href":"https:\/\/axes-cibles-com.sn\/index.php\/wp-json\/wp\/v2\/pages"}],"about":[{"href":"https:\/\/axes-cibles-com.sn\/index.php\/wp-json\/wp\/v2\/types\/page"}],"author":[{"embeddable":true,"href":"https:\/\/axes-cibles-com.sn\/index.php\/wp-json\/wp\/v2\/users\/1"}],"replies":[{"embeddable":true,"href":"https:\/\/axes-cibles-com.sn\/index.php\/wp-json\/wp\/v2\/comments?post=1548"}],"version-history":[{"count":6,"href":"https:\/\/axes-cibles-com.sn\/index.php\/wp-json\/wp\/v2\/pages\/1548\/revisions"}],"predecessor-version":[{"id":1647,"href":"https:\/\/axes-cibles-com.sn\/index.php\/wp-json\/wp\/v2\/pages\/1548\/revisions\/1647"}],"wp:attachment":[{"href":"https:\/\/axes-cibles-com.sn\/index.php\/wp-json\/wp\/v2\/media?parent=1548"}],"curies":[{"name":"wp","href":"https:\/\/api.w.org\/{rel}","templated":true}]}}